{"id":81,"date":"2022-02-23T19:20:08","date_gmt":"2022-02-23T18:20:08","guid":{"rendered":"http:\/\/marek.anibalzorrilla.ar\/?page_id=81"},"modified":"2024-06-12T17:30:55","modified_gmt":"2024-06-12T15:30:55","slug":"lorgue","status":"publish","type":"page","link":"https:\/\/mslv.org\/index.php\/lorgue\/","title":{"rendered":"L&rsquo;orgue"},"content":{"rendered":"\n<div class=\"wp-block-columns is-layout-flex wp-container-core-columns-is-layout-28f84493 wp-block-columns-is-layout-flex\">\n<div class=\"wp-block-column is-layout-flow wp-block-column-is-layout-flow\" style=\"flex-basis:66.66%\">\n<h2 class=\"wp-block-heading\">Jean-Marc Leblanc<\/h2>\n\n\n\n<p>Disciple de Louis Thiry et de Jean Boyer, Jean-Marc Leblanc a poursuivi sa formation au Conservatoire National Sup\u00e9rieur de Paris o\u00f9 il obtint en 1992 le premier prix d\u2019orgue, premier nomm\u00e9, dans la classe de Michel Chapuis et \u00e9galement les premiers prix d\u2019analyse, d\u2019harmonie, de contrepoint et de fugue. Il est actuellement titulaire des grandes orgues historiques Clicquot Cavaille-Coll. Gonzalez de Saint-Merry et des grandes orgues Schwendekel de Saint-Thomas-d\u2019Aquin de Paris. Agr\u00e9g\u00e9 de musicologie, il enseigne \u00e0 l\u2019Universit\u00e9 de Tours.<\/p>\n\n\n\n<p>Il donne des concerts en France et \u00e0 l\u2019\u00e9tranger et participe \u00e0 de nombreux festivals o\u00f9 il est invit\u00e9 \u00e0 toucher de prestigieux instruments comme \u00e0 Notre-Dame de Paris, Saint-Ouen de Rouen, Saint-Maximin de Provence, Sainte-Croix de Bordeaux, Riga, Saint-P\u00e9tersbourg, Aix-la-Chapelle, en Cor\u00e9e et en Bolivie. Son r\u00e9pertoire embrasse sans exclusion la majeure partie de la musique d\u2019orgue ainsi qu\u2019en t\u00e9moignent ses programmes et ses enregistrements pour Radio-France ou pour le disque (Messiean \u00e0 Saint-Ouen de Rouen, Durufl\u00e9 \u00e0 Saint-S\u00e9bastien de Nancy.<\/p>\n\n\n\n<h2 class=\"wp-block-heading\"><strong>Pascal Ianco<\/strong><\/h2>\n\n\n\n<p>N\u00e9 en 1957 \u00e0 Saint-Maur pr\u00e8s de Paris, Pascal Ianco a poursuivi ses \u00e9tudes musicales en France et aux Etats-Unis (Juilliard School et Manhattan School). Grand d\u00e9fenseur de la musique d&rsquo;orgue qu&rsquo;il interpr\u00e8te tant en France qu&rsquo;\u00e0 l&rsquo;\u00e9tranger, il livre avec de tr\u00e8s nombreux documents jusqu&rsquo;ici inconnus, le premier ouvrage jamais consacr\u00e9 au successeur de C\u00e9sar Franck \u00e0 Sainte-Clotilde : Charles Tournemire.<\/p>\n\n\n\n<p><\/p>\n\n\n\n<h2 class=\"wp-block-heading\"><strong>Lionel AVOT<\/strong><\/h2>\n\n\n\n<p>Conseiller musical pour l\u2019orgue par Radio France. Il est \u00e9galement organiste assistant depuis 2004 aupr\u00e8s de Liesbeth Schlumberger \u00e0 l\u2019orgue Mutin Cavaill\u00e9-Coll de l\u2019Eglise de l\u2019Etoile \u00e0 Paris.<\/p>\n\n\n\n<p>Sa rencontre avec Jean Boyer est d\u00e9terminante et marquera tr\u00e8s profond\u00e9ment son parcours. Apr\u00e8s avoir travaill\u00e9 avec lui de 1988 \u00e0 1992, il \u00e9tudie aupr\u00e8s d\u2019Aude Heurtematte, toujours \u00e0 Lille, o\u00f9 il obtiendra une m\u00e9daille d\u2019or puis le prix de perfectionnement. Par la suite, il est r\u00e9compens\u00e9 aux concours C\u00e9sar Franck de Haarlem (Pays-Bas), M.K. Ciurlonis de Vilnius (Lituanie) et Andr\u00e9 Marchal de Biarritz.<\/p>\n\n\n\n<p>Passionn\u00e9 par la p\u00e9dagogie, il enseigne \u00e0 l\u2019\u00e9cole d\u2019orgue Jehan Alain d\u2019Epinay-sur-Orge de 1999 \u00e0 2017 et est depuis 2014 professeur d\u2019orgue au CRR de Lyon avec Yves Lafargue. Il est invit\u00e9 chaque ann\u00e9e depuis 2015 par l\u2019Acad\u00e9mie Musicalta pour donner cours sur l\u2019orgue Callinet de Rouffach.<\/p>\n\n\n\n<p>En septembre 2015, Lionel Avot est nomm\u00e9 conseiller musical pour l\u2019orgue par Radio France. Il est \u00e9galement organiste assistant depuis 2004 aupr\u00e8s de Liesbeth Schlumberger \u00e0 l\u2019orgue Mutin Cavaill\u00e9-Coll de l\u2019Eglise de l\u2019Etoile \u00e0 Paris.<\/p>\n\n\n\n<p>Fervent d\u00e9fenseur de la musique contemporaine, il interpr\u00e8te des partitions de ses contemporains telles que&nbsp;<em>In memoriam Thadd\u00e9e In pour orgue et percussions asiatiques<\/em>&nbsp;de Jacques Pichard&nbsp;\u00e0 l\u2019\u00e9glise Saint-Louis-en-L\u2019Ile (Paris) ou encore&nbsp;<em>Hana no Uta<\/em>&nbsp;de Takeshi Kondo au Temple bouddhiste de Tsukiji (Tokyo). En 2010, il cr\u00e9e le&nbsp;<em>Choral&nbsp;<\/em>d\u2019Yves Lafargue \u00e0 Saint-Antoine des Quinze-Vingts \u00e0 Paris et, en mai 2015, la&nbsp;<em>Suite<\/em>&nbsp;du m\u00eame compositeur \u00e0 la Cath\u00e9drale de Nanterre. En ao\u00fbt 2017, il cr\u00e9e le&nbsp;<em>Choral Liesbster Jesu<\/em>&nbsp;de Hina Sakamoto \u00e0 la Ferris University de Yokohama au Japon o\u00f9 il est r\u00e9guli\u00e8rement invit\u00e9.<\/p>\n\n\n\n<p>Il signe en 2011 son premier enregistrement avec des \u0153uvres de C\u00e9sar Franck \u00e0 l\u2019orgue Puget de l\u2019\u00e9glise Notre-Dame de la Dalbade \u00e0 Toulouse :\u00ab&nbsp;Un jalon de la collection (\u2026) Une vraie r\u00e9ussite, longuement m\u00fbrie, (\u2026) une interpr\u00e9tation pleine, sensible et color\u00e9e.&nbsp;\u00bb (G\u00e9rard Cond\u00e9&nbsp;<em>Le Monde<\/em>).<\/p>\n<\/div>\n\n\n\n<div class=\"wp-block-column is-layout-flow wp-block-column-is-layout-flow\" style=\"flex-basis:33.33%\">\n<div class=\"wp-block-buttons is-layout-flex wp-block-buttons-is-layout-flex\">\n<div class=\"wp-block-button\"><a class=\"wp-block-button__link wp-element-button\" href=\"https:\/\/mslv.org\/\">retourner a la page d&rsquo;accueil<\/a><\/div>\n<\/div>\n<\/div>\n<\/div>\n\n\n\n<figure class=\"wp-block-gallery has-nested-images columns-default is-cropped wp-block-gallery-1 is-layout-flex wp-block-gallery-is-layout-flex\">\n<figure class=\"wp-block-image size-large\"><img loading=\"lazy\" decoding=\"async\" width=\"1679\" height=\"1590\" data-id=\"119\" src=\"https:\/\/mslv.org\/wp-content\/uploads\/2022\/02\/IMG_7139.jpg\" alt=\"\" class=\"wp-image-119\" srcset=\"https:\/\/mslv.org\/wp-content\/uploads\/2022\/02\/IMG_7139.jpg 1679w, https:\/\/mslv.org\/wp-content\/uploads\/2022\/02\/IMG_7139-300x284.jpg 300w, https:\/\/mslv.org\/wp-content\/uploads\/2022\/02\/IMG_7139-1024x970.jpg 1024w, https:\/\/mslv.org\/wp-content\/uploads\/2022\/02\/IMG_7139-768x727.jpg 768w, https:\/\/mslv.org\/wp-content\/uploads\/2022\/02\/IMG_7139-1536x1455.jpg 1536w\" sizes=\"auto, (max-width: 1679px) 100vw, 1679px\" \/><\/figure>\n\n\n\n<figure class=\"wp-block-image size-large\"><img loading=\"lazy\" decoding=\"async\" width=\"1235\" height=\"925\" data-id=\"120\" src=\"https:\/\/mslv.org\/wp-content\/uploads\/2022\/02\/IMG_7160-e1645744487182.jpg\" alt=\"\" class=\"wp-image-120\" srcset=\"https:\/\/mslv.org\/wp-content\/uploads\/2022\/02\/IMG_7160-e1645744487182.jpg 1235w, https:\/\/mslv.org\/wp-content\/uploads\/2022\/02\/IMG_7160-e1645744487182-300x225.jpg 300w, https:\/\/mslv.org\/wp-content\/uploads\/2022\/02\/IMG_7160-e1645744487182-1024x767.jpg 1024w, https:\/\/mslv.org\/wp-content\/uploads\/2022\/02\/IMG_7160-e1645744487182-768x575.jpg 768w\" sizes=\"auto, (max-width: 1235px) 100vw, 1235px\" \/><\/figure>\n<\/figure>\n\n\n\n<figure class=\"wp-block-image size-full\"><img loading=\"lazy\" decoding=\"async\" width=\"536\" height=\"302\" src=\"https:\/\/mslv.org\/wp-content\/uploads\/2023\/07\/imagen.png\" alt=\"\" class=\"wp-image-642\" srcset=\"https:\/\/mslv.org\/wp-content\/uploads\/2023\/07\/imagen.png 536w, https:\/\/mslv.org\/wp-content\/uploads\/2023\/07\/imagen-300x169.png 300w, https:\/\/mslv.org\/wp-content\/uploads\/2023\/07\/imagen-230x130.png 230w, https:\/\/mslv.org\/wp-content\/uploads\/2023\/07\/imagen-350x197.png 350w, https:\/\/mslv.org\/wp-content\/uploads\/2023\/07\/imagen-480x270.png 480w\" sizes=\"auto, (max-width: 536px) 100vw, 536px\" \/><\/figure>\n\n\n\n<figure class=\"wp-block-image size-full\"><img loading=\"lazy\" decoding=\"async\" width=\"566\" height=\"377\" src=\"https:\/\/mslv.org\/wp-content\/uploads\/2024\/06\/imagen.png\" alt=\"\" class=\"wp-image-680\" srcset=\"https:\/\/mslv.org\/wp-content\/uploads\/2024\/06\/imagen.png 566w, https:\/\/mslv.org\/wp-content\/uploads\/2024\/06\/imagen-300x200.png 300w, https:\/\/mslv.org\/wp-content\/uploads\/2024\/06\/imagen-230x153.png 230w, https:\/\/mslv.org\/wp-content\/uploads\/2024\/06\/imagen-350x233.png 350w, https:\/\/mslv.org\/wp-content\/uploads\/2024\/06\/imagen-480x320.png 480w\" sizes=\"auto, (max-width: 566px) 100vw, 566px\" \/><\/figure>\n","protected":false},"excerpt":{"rendered":"<p>Jean-Marc Leblanc Disciple de Louis Thiry et de Jean Boyer, Jean-Marc Leblanc a poursuivi sa formation au Conservatoire National Sup\u00e9rieur de Paris [&hellip;]<\/p>\n","protected":false},"author":1,"featured_media":0,"parent":0,"menu_order":0,"comment_status":"closed","ping_status":"closed","template":"","meta":{"footnotes":""},"class_list":["post-81","page","type-page","status-publish","hentry"],"_links":{"self":[{"href":"https:\/\/mslv.org\/index.php\/wp-json\/wp\/v2\/pages\/81","targetHints":{"allow":["GET"]}}],"collection":[{"href":"https:\/\/mslv.org\/index.php\/wp-json\/wp\/v2\/pages"}],"about":[{"href":"https:\/\/mslv.org\/index.php\/wp-json\/wp\/v2\/types\/page"}],"author":[{"embeddable":true,"href":"https:\/\/mslv.org\/index.php\/wp-json\/wp\/v2\/users\/1"}],"replies":[{"embeddable":true,"href":"https:\/\/mslv.org\/index.php\/wp-json\/wp\/v2\/comments?post=81"}],"version-history":[{"count":8,"href":"https:\/\/mslv.org\/index.php\/wp-json\/wp\/v2\/pages\/81\/revisions"}],"predecessor-version":[{"id":708,"href":"https:\/\/mslv.org\/index.php\/wp-json\/wp\/v2\/pages\/81\/revisions\/708"}],"wp:attachment":[{"href":"https:\/\/mslv.org\/index.php\/wp-json\/wp\/v2\/media?parent=81"}],"curies":[{"name":"wp","href":"https:\/\/api.w.org\/{rel}","templated":true}]}}