{"id":71,"date":"2022-02-23T19:10:15","date_gmt":"2022-02-23T18:10:15","guid":{"rendered":"http:\/\/marek.anibalzorrilla.ar\/?page_id=71"},"modified":"2022-03-02T17:03:47","modified_gmt":"2022-03-02T16:03:47","slug":"la_commune","status":"publish","type":"page","link":"https:\/\/mslv.org\/index.php\/la_commune\/","title":{"rendered":"La commune"},"content":{"rendered":"\n<div class=\"wp-block-columns is-layout-flex wp-container-core-columns-is-layout-28f84493 wp-block-columns-is-layout-flex\">\n<div class=\"wp-block-column is-layout-flow wp-block-column-is-layout-flow\" style=\"flex-basis:66.66%\">\n<p><strong>Saint L\u00e9ger Vauban est une commune de la r\u00e9gion Bourgogne-Franche-Comt\u00e9, dans le d\u00e9partement de l&rsquo;Yonne. Le nom du village vient du nom de saint L\u00e9odegar.<\/strong><\/p>\n<\/div>\n\n\n\n<div class=\"wp-block-column is-layout-flow wp-block-column-is-layout-flow\" style=\"flex-basis:33.33%\">\n<div class=\"wp-block-buttons is-content-justification-right is-layout-flex wp-container-core-buttons-is-layout-d445cf74 wp-block-buttons-is-layout-flex\">\n<div class=\"wp-block-button\"><a class=\"wp-block-button__link\" href=\"https:\/\/mslv.org\/\">Retourner a la page d&rsquo;accueil<\/a><\/div>\n<\/div>\n<\/div>\n<\/div>\n\n\n\n<p>En 2013, la commune \u00e9tait habit\u00e9e par 447 personnes. En 2020, la population est tomb\u00e9e \u00e0 368 habitants. La superficie de la commune est de 33,81 km\u00b2 et la densit\u00e9 de population est de 12 habitants\/km\u00b2.<\/p>\n\n\n\n<p>Jusqu&rsquo;en 1867, le village s&rsquo;appelait Saint L\u00e9ger de Foucheret, date \u00e0 laquelle le d\u00e9cret de Napol\u00e9on III a chang\u00e9 son nom en l&rsquo;actuel, pour honorer le fils du pays, le mar\u00e9chal Vauban.<\/p>\n\n\n\n<figure class=\"wp-block-gallery has-nested-images columns-default is-cropped wp-block-gallery-1 is-layout-flex wp-block-gallery-is-layout-flex\">\n<figure class=\"wp-block-image size-large\"><img loading=\"lazy\" decoding=\"async\" width=\"980\" height=\"722\" data-id=\"60\" src=\"https:\/\/mslv.org\/wp-content\/uploads\/2022\/02\/cropped-20210718_154233-scaled-1-e1645986658516.jpg\" alt=\"\" class=\"wp-image-60\" srcset=\"https:\/\/mslv.org\/wp-content\/uploads\/2022\/02\/cropped-20210718_154233-scaled-1-e1645986658516.jpg 980w, https:\/\/mslv.org\/wp-content\/uploads\/2022\/02\/cropped-20210718_154233-scaled-1-e1645986658516-300x221.jpg 300w, https:\/\/mslv.org\/wp-content\/uploads\/2022\/02\/cropped-20210718_154233-scaled-1-e1645986658516-768x566.jpg 768w\" sizes=\"auto, (max-width: 980px) 100vw, 980px\" \/><\/figure>\n\n\n\n<figure class=\"wp-block-image size-large\"><img loading=\"lazy\" decoding=\"async\" width=\"750\" height=\"500\" data-id=\"325\" src=\"https:\/\/mslv.org\/wp-content\/uploads\/2022\/03\/89-vuedavion7.jpg\" alt=\"\" class=\"wp-image-325\" srcset=\"https:\/\/mslv.org\/wp-content\/uploads\/2022\/03\/89-vuedavion7.jpg 750w, https:\/\/mslv.org\/wp-content\/uploads\/2022\/03\/89-vuedavion7-300x200.jpg 300w, https:\/\/mslv.org\/wp-content\/uploads\/2022\/03\/89-vuedavion7-230x153.jpg 230w, https:\/\/mslv.org\/wp-content\/uploads\/2022\/03\/89-vuedavion7-350x233.jpg 350w, https:\/\/mslv.org\/wp-content\/uploads\/2022\/03\/89-vuedavion7-480x320.jpg 480w\" sizes=\"auto, (max-width: 750px) 100vw, 750px\" \/><\/figure>\n\n\n\n<figure class=\"wp-block-image size-large\"><img loading=\"lazy\" decoding=\"async\" width=\"686\" height=\"400\" data-id=\"319\" src=\"https:\/\/mslv.org\/wp-content\/uploads\/2022\/03\/89-rouvray.jpg\" alt=\"\" class=\"wp-image-319\" srcset=\"https:\/\/mslv.org\/wp-content\/uploads\/2022\/03\/89-rouvray.jpg 686w, https:\/\/mslv.org\/wp-content\/uploads\/2022\/03\/89-rouvray-300x175.jpg 300w, https:\/\/mslv.org\/wp-content\/uploads\/2022\/03\/89-rouvray-230x134.jpg 230w, https:\/\/mslv.org\/wp-content\/uploads\/2022\/03\/89-rouvray-350x204.jpg 350w, https:\/\/mslv.org\/wp-content\/uploads\/2022\/03\/89-rouvray-480x280.jpg 480w\" sizes=\"auto, (max-width: 686px) 100vw, 686px\" \/><\/figure>\n<\/figure>\n\n\n\n<p>Le village poss\u00e8de une \u00e9glise du XVe si\u00e8cle o\u00f9 fut baptis\u00e9 en 1633 S\u00e9bastien Le Prestre, futur mar\u00e9chal de Vauban. L&rsquo;\u00e9difice, qui ressemble aux \u00e9glises romanes-gothiques rurales, a \u00e9t\u00e9 construit sur un plan en croix latine. Jusqu&rsquo;au 10\u00e8me si\u00e8cle, il y avait une \u00e9glise ici qui fut d\u00e9truite. Le village est mentionn\u00e9 en 1103 sous le nom de Sanctus Leogarius de Morvino dans la bulle papale. L&rsquo;\u00e9glise \u00e9tait d\u00e9di\u00e9e \u00e0 saint L\u00e9odegar, \u00e9v\u00eaque d&rsquo;Autun, martyris\u00e9 par Ebroin, maire de la dynastie m\u00e9rovingienne. Une note des archives dioc\u00e9saines d&rsquo;Autun sur son existence mentionne la d\u00eeme que devait recevoir le pr\u00eatre qui le servait. La paroisse appartenait alors au m\u00eame dioc\u00e8se. L&rsquo;\u00e9glise actuelle a \u00e9t\u00e9 construite apr\u00e8s la guerre de Cent Ans. L&rsquo;\u00e9difice a \u00e9t\u00e9 restaur\u00e9 et reconstruit sous le r\u00e8gne de Napol\u00e9on III. La silhouette de l&rsquo;\u00e9glise est orn\u00e9e par l&rsquo;\u00e9lan de sa fl\u00e8che, comme \u00ab un doigt point\u00e9 vers le ciel \u00bb. Le simple portail ouest et l&rsquo;ancienne entr\u00e9e principale est dans le style Renaissance. Des piliers carr\u00e9s soutiennent fortement la tour. Le d\u00e9but de la Renaissance se lit dans les vo\u00fbtes gothiques du ch\u0153ur. A l&rsquo;int\u00e9rieur (entr\u00e9e actuelle par le sud), le fond de l&rsquo;\u00e9glise est orn\u00e9 de bancs du XVIIe si\u00e8cle provenant de la basilique de V\u00e9zelay : ils \u00e9taient destin\u00e9s aux dignitaires faisant face \u00e0 la chaire. L&rsquo;artiste Marc H\u00e9nard (1919-1992) r\u00e9alise dans les ann\u00e9es 1970 les vantaux en bois de la porte du portail c\u00f4t\u00e9 sud et le d\u00e9cor en c\u00e9ramique bleue et rose du presbyt\u00e8re avec Serge Jamet. Il entoure l&rsquo;autel principal et est compos\u00e9 de plan\u00e8tes, d&rsquo;animaux et d&rsquo;outils qui tournent autour du triangle de la Trinit\u00e9. La chapelle de gauche du XVIIe si\u00e8cle est d\u00e9di\u00e9e \u00e0 Notre Dame du-Bien-Mourir. En face, une plaque \u00e9tait appos\u00e9e avec une d\u00e9claration de foi du p\u00e8re Jean-Baptiste Muard et de ses quatre compagnons. L&rsquo;abb\u00e9 Muard, dont la statue tr\u00f4ne dans la cour attenante, est le fondateur en 1850 de l&rsquo;abbaye b\u00e9n\u00e9dictine Sainte Marie de la Pierre-qui-Vire.<\/p>\n\n\n\n<p>Le centre du village est la place sur laquelle a \u00e9t\u00e9 \u00e9rig\u00e9e en 1905 la statue du mar\u00e9chal Vauban (\u0153uvre du sculpteur Anatole Guillot), fils de ce pays. \u00c0 l&rsquo;extr\u00eame gauche, il y a une balance \u00e0 b\u00e9tail qui ne fonctionne plus. Encore dans les ann\u00e9es 1970, les \u00e9leveurs y commercialisaient principalement leurs races charolaises. Il y a aujourd&rsquo;hui une foire, unique en son genre dans le d\u00e9partement, car associ\u00e9e \u00e0 un concours d&rsquo;animaux, qui a lieu en f\u00e9vrier. Chaque ann\u00e9e, des \u00e9leveurs de bovins, ovins, caprins et autres ont l&rsquo;occasion de montrer le fruit de leur travail. Sa 55e \u00e9dition a eu lieu en 2022. En plus des animaux, des machines agricoles y sont \u00e9galement pr\u00e9sent\u00e9es et des produits artisanaux locaux sont propos\u00e9s, notamment la production d&rsquo;un type de boudin noir.<\/p>\n\n\n\n<figure class=\"wp-block-image size-large\"><img loading=\"lazy\" decoding=\"async\" width=\"1024\" height=\"576\" src=\"https:\/\/mslv.org\/wp-content\/uploads\/2022\/03\/Plaza-de-SLV-edited-1024x576.jpeg\" alt=\"\" class=\"wp-image-339\" srcset=\"https:\/\/mslv.org\/wp-content\/uploads\/2022\/03\/Plaza-de-SLV-edited-1024x576.jpeg 1024w, https:\/\/mslv.org\/wp-content\/uploads\/2022\/03\/Plaza-de-SLV-edited-300x169.jpeg 300w, https:\/\/mslv.org\/wp-content\/uploads\/2022\/03\/Plaza-de-SLV-edited-768x432.jpeg 768w, https:\/\/mslv.org\/wp-content\/uploads\/2022\/03\/Plaza-de-SLV-edited-1536x864.jpeg 1536w, https:\/\/mslv.org\/wp-content\/uploads\/2022\/03\/Plaza-de-SLV-edited-920x518.jpeg 920w, https:\/\/mslv.org\/wp-content\/uploads\/2022\/03\/Plaza-de-SLV-edited-230x129.jpeg 230w, https:\/\/mslv.org\/wp-content\/uploads\/2022\/03\/Plaza-de-SLV-edited-350x197.jpeg 350w, https:\/\/mslv.org\/wp-content\/uploads\/2022\/03\/Plaza-de-SLV-edited-480x270.jpeg 480w, https:\/\/mslv.org\/wp-content\/uploads\/2022\/03\/Plaza-de-SLV-edited.jpeg 1600w\" sizes=\"auto, (max-width: 1024px) 100vw, 1024px\" \/><figcaption>Statue du mar\u00e9chal Vauban<\/figcaption><\/figure>\n\n\n\n<p>La place abrite le mus\u00e9e Vauban qui a \u00e9t\u00e9 transf\u00e9r\u00e9 de la mairie en 1996 \u00e0 la maison du sculpteur Marc H\u00e9nard. Outre des panneaux pr\u00e9sentant le personnage et les \u0153uvres du h\u00e9ros dans le contexte de la r\u00e9gion et de l&rsquo;\u00e9poque, un film de 20 minutes compl\u00e8te la visite, avec la possibilit\u00e9 de traduction en anglais et en allemand.<\/p>\n\n\n\n<p><a><\/a> A 800m du village par l\u2019ancienne route de Quarr\u00e9-les-Tombes on peut admirer un des arbres remarquables : le ch\u00eane Vauban (a re\u00e7u le label <strong>Arbre Remarquable<\/strong> de France en ao\u00fbt 2000) mais un autre ch\u00eane, plus vieux se trouve dans le village m\u00eame (on peut le voir en entrant sur un chemin en face du presbyt\u00e8re). Il attend d\u2019\u00eatre r\u00e9partori\u00e9.<\/p>\n\n\n\n<p>La commune comprend les hameaux suivants : Anguill\u00e8res &#8211; La B\u00e9casse &#8211; Bois des chasses &#8211; Le Bon Rupt &#8211; Le Champ des alouettes &#8211; Champ renard &#8211; Corvignot &#8211; Les Garennes &#8211; La Maison des Champs &#8211; le Moulin Simonneau &#8211; La P\u00eacherie &#8211; Les P\u00eachasses &#8211; R\u00e9serve de Ru\u00e8res &#8211; Ru\u00e8res &#8211; Trinquelin &#8211; La Vente Pic Vert &#8211; Le Pr\u00e9 Pigeon &#8211; et le monast\u00e8re b\u00e9n\u00e9dictin de Sainte Marie de la Pierre-qui-Vire, situ\u00e9 au bord du ruisseau du m\u00eame nom que le hameau Trinquelin. Fond\u00e9e dans la seconde moiti\u00e9 du XIXe si\u00e8cle par le p\u00e8re Muard \u00e0 l&rsquo;image des abbayes m\u00e9di\u00e9vales, c&rsquo;est-\u00e0-dire au fond de la for\u00eat et au bord du ruisseau, elle est associ\u00e9e \u00e0 la congr\u00e9gation Subiaco Monte Cassino (Congregatio Sublacensis Casinensis) et accueille les personnes en qu\u00eate de contemplation et de spiritualit\u00e9.<\/p>\n\n\n\n<p>Le monast\u00e8re poss\u00e8de \u00e9galement une ferme biologique qui \u00e9l\u00e8ve les vaches Brune des Alpes, proposant ses produits (yaourts, fromages et lait frais).<\/p>\n\n\n\n<p>Appartient \u00e0 la commune une partie du lac de barrage d&rsquo;une superficie de 150 ha sur le ruisseau Trinquelin, qui change trois fois de nom (Cousin, Trinquelin, Cousin). De son bassin du nom Saint Agnan (du village o\u00f9 commence le lac) provient l&rsquo;eau potable produite pour les communes environnantes par le groupe Suez. Il est entour\u00e9 de for\u00eats appartenant aux communes de Saint Agnan et de Saint L\u00e9ger Vauban et utilis\u00e9es par l&rsquo;ONF pour le chauffage et le bois de construction (ch\u00eanes, h\u00eatres et douglas, essence apport\u00e9e ici au XIX\u00e8me si\u00e8cle). Le plan d&rsquo;eau est \u00e9galement un lieu id\u00e9al pour les p\u00eacheurs et les amoureux de la nature en qu\u00eate de calme et de tranquillit\u00e9.<\/p>\n\n\n\n<p>De nombreux sentiers de randonn\u00e9e y sont balis\u00e9s comprenant les GPR&nbsp;: Tours du Morvan et de l\u2019Avallonnais.<\/p>\n\n\n\n<p>La commune fait partie du Parc R\u00e9gional du Morvan.<\/p>\n\n\n\n<h5 class=\"wp-block-heading\">Pour en savoir plus: <a href=\"https:\/\/mslv.org\/index.php\/histoire-de-saint-leger-vauban\/\" data-type=\"URL\" data-id=\"https:\/\/mslv.org\/index.php\/histoire-de-saint-leger-vauban\/\"><strong>Histoire de Saint L\u00e9ger Vauban<\/strong><\/a><\/h5>\n\n\n\n<figure class=\"wp-block-gallery has-nested-images columns-default is-cropped wp-block-gallery-2 is-layout-flex wp-block-gallery-is-layout-flex\">\n<figure class=\"wp-block-image size-large\"><img loading=\"lazy\" decoding=\"async\" width=\"1920\" height=\"2560\" data-id=\"51\" src=\"https:\/\/mslv.org\/wp-content\/uploads\/2022\/02\/20210716_180136-scaled-1.jpg\" alt=\"\" class=\"wp-image-51\" srcset=\"https:\/\/mslv.org\/wp-content\/uploads\/2022\/02\/20210716_180136-scaled-1.jpg 1920w, https:\/\/mslv.org\/wp-content\/uploads\/2022\/02\/20210716_180136-scaled-1-225x300.jpg 225w, https:\/\/mslv.org\/wp-content\/uploads\/2022\/02\/20210716_180136-scaled-1-768x1024.jpg 768w, https:\/\/mslv.org\/wp-content\/uploads\/2022\/02\/20210716_180136-scaled-1-1152x1536.jpg 1152w, https:\/\/mslv.org\/wp-content\/uploads\/2022\/02\/20210716_180136-scaled-1-1536x2048.jpg 1536w\" sizes=\"auto, (max-width: 1920px) 100vw, 1920px\" \/><\/figure>\n\n\n\n<figure class=\"wp-block-image size-large\"><img loading=\"lazy\" decoding=\"async\" width=\"768\" height=\"1024\" data-id=\"53\" src=\"https:\/\/mslv.org\/wp-content\/uploads\/2022\/02\/20210716_182517-scaled-1-768x1024.jpg\" alt=\"\" class=\"wp-image-53\" srcset=\"https:\/\/mslv.org\/wp-content\/uploads\/2022\/02\/20210716_182517-scaled-1-768x1024.jpg 768w, https:\/\/mslv.org\/wp-content\/uploads\/2022\/02\/20210716_182517-scaled-1-225x300.jpg 225w, https:\/\/mslv.org\/wp-content\/uploads\/2022\/02\/20210716_182517-scaled-1-1152x1536.jpg 1152w, https:\/\/mslv.org\/wp-content\/uploads\/2022\/02\/20210716_182517-scaled-1-1536x2048.jpg 1536w, https:\/\/mslv.org\/wp-content\/uploads\/2022\/02\/20210716_182517-scaled-1.jpg 1920w\" sizes=\"auto, (max-width: 768px) 100vw, 768px\" \/><\/figure>\n\n\n\n<figure class=\"wp-block-image size-large\"><img loading=\"lazy\" decoding=\"async\" width=\"1920\" height=\"2560\" data-id=\"52\" src=\"https:\/\/mslv.org\/wp-content\/uploads\/2022\/02\/20210716_180230-scaled-1.jpg\" alt=\"\" class=\"wp-image-52\" srcset=\"https:\/\/mslv.org\/wp-content\/uploads\/2022\/02\/20210716_180230-scaled-1.jpg 1920w, https:\/\/mslv.org\/wp-content\/uploads\/2022\/02\/20210716_180230-scaled-1-225x300.jpg 225w, https:\/\/mslv.org\/wp-content\/uploads\/2022\/02\/20210716_180230-scaled-1-768x1024.jpg 768w, https:\/\/mslv.org\/wp-content\/uploads\/2022\/02\/20210716_180230-scaled-1-1152x1536.jpg 1152w, https:\/\/mslv.org\/wp-content\/uploads\/2022\/02\/20210716_180230-scaled-1-1536x2048.jpg 1536w\" sizes=\"auto, (max-width: 1920px) 100vw, 1920px\" \/><\/figure>\n<\/figure>\n","protected":false},"excerpt":{"rendered":"<p>Saint L\u00e9ger Vauban est une commune de la r\u00e9gion Bourgogne-Franche-Comt\u00e9, dans le d\u00e9partement de l&rsquo;Yonne. Le nom du village vient du nom [&hellip;]<\/p>\n","protected":false},"author":1,"featured_media":0,"parent":0,"menu_order":0,"comment_status":"closed","ping_status":"closed","template":"","meta":{"footnotes":""},"class_list":["post-71","page","type-page","status-publish","hentry"],"_links":{"self":[{"href":"https:\/\/mslv.org\/index.php\/wp-json\/wp\/v2\/pages\/71","targetHints":{"allow":["GET"]}}],"collection":[{"href":"https:\/\/mslv.org\/index.php\/wp-json\/wp\/v2\/pages"}],"about":[{"href":"https:\/\/mslv.org\/index.php\/wp-json\/wp\/v2\/types\/page"}],"author":[{"embeddable":true,"href":"https:\/\/mslv.org\/index.php\/wp-json\/wp\/v2\/users\/1"}],"replies":[{"embeddable":true,"href":"https:\/\/mslv.org\/index.php\/wp-json\/wp\/v2\/comments?post=71"}],"version-history":[{"count":4,"href":"https:\/\/mslv.org\/index.php\/wp-json\/wp\/v2\/pages\/71\/revisions"}],"predecessor-version":[{"id":353,"href":"https:\/\/mslv.org\/index.php\/wp-json\/wp\/v2\/pages\/71\/revisions\/353"}],"wp:attachment":[{"href":"https:\/\/mslv.org\/index.php\/wp-json\/wp\/v2\/media?parent=71"}],"curies":[{"name":"wp","href":"https:\/\/api.w.org\/{rel}","templated":true}]}}