{"id":7,"date":"2022-02-23T16:22:51","date_gmt":"2022-02-23T15:22:51","guid":{"rendered":"http:\/\/marek.anibalzorrilla.ar\/?page_id=7"},"modified":"2022-05-23T21:07:37","modified_gmt":"2022-05-23T19:07:37","slug":"a-propos-de","status":"publish","type":"page","link":"https:\/\/mslv.org\/index.php\/a-propos-de\/","title":{"rendered":"\u00c0 propos de"},"content":{"rendered":"\n<div class=\"wp-block-columns is-layout-flex wp-container-core-columns-is-layout-28f84493 wp-block-columns-is-layout-flex\">\n<div class=\"wp-block-column is-layout-flow wp-block-column-is-layout-flow\" style=\"flex-basis:66.66%\">\n<p><strong>L\u2019association&nbsp;\u00ab&nbsp;Musique \u00e0 Saint-L\u00e9ger-Vauban&nbsp;\u00bb&nbsp;a pour objectif d\u2019animer le village autour d\u2019une manifestation musicale et, au-del\u00e0, de permettre aux habitants de se lancer dans l\u2019accueil de touristes et spectateurs, et pour ambition de transformer cet \u00e9v\u00e8nement en festival.<\/strong><\/p>\n<\/div>\n\n\n\n<div class=\"wp-block-column is-layout-flow wp-block-column-is-layout-flow\" style=\"flex-basis:33.33%\">\n<div class=\"wp-block-buttons is-layout-flex wp-block-buttons-is-layout-flex\">\n<div class=\"wp-block-button\"><a class=\"wp-block-button__link\" href=\"https:\/\/mslv.org\/\">Retourner a la page d&rsquo;accuel<\/a><\/div>\n<\/div>\n<\/div>\n<\/div>\n\n\n\n<p>Deux concerts seront mis en place le 17 et le 18 juillet 2021, respectivement \u00e0 l\u2019abbaye de la Pierre qui Vire et en l\u2019\u00e9glise du village Saint L\u00e9ger Vauban avec la participation de l\u2019organiste Jean-Marc Blanc et d\u2019un jeune quatuor \u00e0 cordes professionnel, r\u00e9sident de Pro Quartet \u2013 Centre europ\u00e9en de musique de chambre. Cela permettra de faire profiter \u00e0 la population locale, \u00e9loign\u00e9e de grands centres culturels, de la pr\u00e9sence des interpr\u00e8tes de qualit\u00e9.<\/p>\n\n\n\n<p>Ce projet b\u00e9n\u00e9ficiera non seulement aux habitants des environs mais aussi aux r\u00e9sidents saisonniers car les journ\u00e9es de concerts seront accompagn\u00e9es de vente de produits locaux (horticulteurs, apiculteurs, \u00e9leveurs, producteurs de confitures, vignerons, producteurs de fromages et autres).<\/p>\n\n\n\n<p>Cette manifestation pourrait susciter le d\u00e9veloppement de structures d\u2019accueil qui manquent sur ce territoire et contribuer aux retomb\u00e9es \u00e9conomiques.<\/p>\n\n\n\n<p>La population du village est \u00e2g\u00e9e, constitu\u00e9e de retrait\u00e9s, agriculteurs, artisans dont un certain nombre est oblig\u00e9 de se d\u00e9placer \u00e0 l\u2019ext\u00e9rieur afin d\u2019exercer d\u2019autres m\u00e9tiers pour compl\u00e9ter leurs revenus insuffisants. La commune compte \u00e0 pr\u00e9sent 358 habitants. Son nombre n\u2019a cess\u00e9 de diminuer (447 en 2013), son \u00e9cole a ferm\u00e9 et il y a peu de perspectives pour les jeunes voulant s\u2019y installer.<\/p>\n\n\n\n<p>Le village fait partie du Parc r\u00e9gional du Morvan. C\u2019est dans un des hameaux de la commune que se situe l\u2019Abbaye de la Pierre qui Vire, lieu de visite \u00e0 caract\u00e8re spirituel. Elle poss\u00e8de une des premi\u00e8res fermes \u00e9cologiques. Les retomb\u00e9es touristiques sur le village sont fragiles et se limitent \u00e0 une \u00e9picerie-restaurant. Le village, lieu de naissance du mar\u00e9chal Vauban, poss\u00e8de un mus\u00e9e qui lui est consacr\u00e9.<\/p>\n\n\n\n<p>La d\u00e9marche consiste donc, dans un premier temps, \u00e0 organiser deux concerts, respectivement \u00e0 l\u2019abbaye de la Pierre qui Vire et en l\u2019\u00e9glise du village Saint L\u00e9ger Vauban avec la participation de l\u2019organiste Jean-Marc Blanc et d\u2019un jeune quatuor \u00e0 cordes professionnel, r\u00e9sident de Pro Quartet \u2013 Centre europ\u00e9en de musique de chambre. Cela permettra de faire profiter \u00e0 la population locale, \u00e9loign\u00e9e de grands centres culturels, de la pr\u00e9sence d\u2019interpr\u00e8tes de qualit\u00e9.<\/p>\n","protected":false},"excerpt":{"rendered":"<p>L\u2019association&nbsp;\u00ab&nbsp;Musique \u00e0 Saint-L\u00e9ger-Vauban&nbsp;\u00bb&nbsp;a pour objectif d\u2019animer le village autour d\u2019une manifestation musicale et, au-del\u00e0, de permettre aux habitants de se lancer dans [&hellip;]<\/p>\n","protected":false},"author":1,"featured_media":0,"parent":0,"menu_order":0,"comment_status":"closed","ping_status":"closed","template":"","meta":{"footnotes":""},"class_list":["post-7","page","type-page","status-publish","hentry"],"_links":{"self":[{"href":"https:\/\/mslv.org\/index.php\/wp-json\/wp\/v2\/pages\/7","targetHints":{"allow":["GET"]}}],"collection":[{"href":"https:\/\/mslv.org\/index.php\/wp-json\/wp\/v2\/pages"}],"about":[{"href":"https:\/\/mslv.org\/index.php\/wp-json\/wp\/v2\/types\/page"}],"author":[{"embeddable":true,"href":"https:\/\/mslv.org\/index.php\/wp-json\/wp\/v2\/users\/1"}],"replies":[{"embeddable":true,"href":"https:\/\/mslv.org\/index.php\/wp-json\/wp\/v2\/comments?post=7"}],"version-history":[{"count":7,"href":"https:\/\/mslv.org\/index.php\/wp-json\/wp\/v2\/pages\/7\/revisions"}],"predecessor-version":[{"id":519,"href":"https:\/\/mslv.org\/index.php\/wp-json\/wp\/v2\/pages\/7\/revisions\/519"}],"wp:attachment":[{"href":"https:\/\/mslv.org\/index.php\/wp-json\/wp\/v2\/media?parent=7"}],"curies":[{"name":"wp","href":"https:\/\/api.w.org\/{rel}","templated":true}]}}