{"id":686,"date":"2024-06-11T23:08:33","date_gmt":"2024-06-11T21:08:33","guid":{"rendered":"https:\/\/mslv.org\/?page_id=686"},"modified":"2024-06-14T20:05:20","modified_gmt":"2024-06-14T18:05:20","slug":"programme-du-festival-3","status":"publish","type":"page","link":"https:\/\/mslv.org\/index.php\/programme-du-festival-3\/","title":{"rendered":"Programme du festival"},"content":{"rendered":"\n<h3 class=\"wp-block-heading has-text-align-center\">Barocco\u2026 ma non troppo<\/h3>\n\n\n\n<p>Tous les concerts se d\u00e9roulent dans la commune de Saint L\u00e9ger Vauban \u00e0 l\u2019\u00e9glise du village \u00e0 l\u2019exception de celui du jeudi 1e ao\u00fbt 16h qui a lieu \u00e0 l\u2019abbaye de la Pierre qui Vire.<\/p>\n\n\n\n<h2 class=\"wp-block-heading has-text-align-center\"><strong>Ir\u00e8ne et Nicolas Queyroux, C\u00e9lestin Loubrieu<\/strong><\/h2>\n\n\n\n<h6 class=\"wp-block-heading\">\u00c9glise Saint-L\u00e9ger-Vauban samedi 27 juillet 16h<\/h6>\n\n\n\n<p>Violon, piano, clarinette. <\/p>\n\n\n\n<h6 class=\"wp-block-heading\">Brahms et ses derniers mots\u2026<\/h6>\n\n\n\n<p>Sonate pour violon n\u00b03 en r\u00e9 mineur, Op. 108<\/p>\n\n\n\n<p><em>Allegro alla breve, adagio, un poco presto e con sentimento, presto agitato<\/em><\/p>\n\n\n\n<p>Ir\u00e8ne et Nicolas Queyroux<\/p>\n\n\n\n<p>Six pi\u00e8ces pour piano, Op. 118<\/p>\n\n\n\n<p><em>Intermezzo (Allegro non assai), Intermezzo (Andante teneramente), Ballade (Allegro energico), Intermezzo (Allegretto un poco agitato), Romance (Andante), Intermezzo (Andante, largo e mesto)<\/em><\/p>\n\n\n\n<p>Nicolas Queyroux<\/p>\n\n\n\n<p>Sonate pour clarinette n\u00b02 en <em>mi<\/em> b\u00e9mol majeur, Op 120<\/p>\n\n\n\n<p><em>Allegro amabile, Allegro appassionato avec Trio&nbsp;: Sostenuto , Andante con moto&nbsp;: Tema con variazona&nbsp;; Alle<\/em>gro<\/p>\n\n\n\n<p>C\u00e9lestin Loubrieu et Nicolas Queyroux<\/p>\n\n\n\n<h2 class=\"wp-block-heading has-text-align-center\"><strong>Marika Lombardi<\/strong><\/h2>\n\n\n\n<h6 class=\"wp-block-heading\">\u00c9glise Saint-L\u00e9ger-Vauban dimanche 28 juillet 16h<\/h6>\n\n\n\n<p>Hautbois solo. <\/p>\n\n\n\n<h6 class=\"wp-block-heading\"><strong>\u201cSolo\u201d<\/strong><\/h6>\n\n\n\n<p><strong>J. C. Rosaz<\/strong> (1961) In altitudine (2016)<\/p>\n\n\n\n<p>Improvisation I<\/p>\n\n\n\n<p><strong>Benjamin Britten<\/strong> (1913-1976): Six M\u00e9tamorphoses after Ovid op.49 (1951)<\/p>\n\n\n\n<p>I Pan, III Niobe, V Narcissus<\/p>\n\n\n\n<p>Improvisation II<\/p>\n\n\n\n<p><strong>Georg Philipp Telemann<\/strong> (1681-1767):<\/p>\n\n\n\n<p>Fantaisie n.6<\/p>\n\n\n\n<p>Dolce, Allegro, Spirituoso<\/p>\n\n\n\n<p>Improvisation III<\/p>\n\n\n\n<p><strong>Johann Sebastian Bach<\/strong> (1685-1750):<\/p>\n\n\n\n<p>Partita en La mineur BWV 1013 ( extraits)<\/p>\n\n\n\n<p>Allemande-Sarabande-Bourr\u00e9e Anglaise<\/p>\n\n\n\n<p>Improvisation IV<\/p>\n\n\n\n<p><strong>Marin Marais<\/strong> (1656-1728)&nbsp;: Folies d&rsquo;Espagne<\/p>\n\n\n\n<p>Th\u00e8me et variations ( extraits)<\/p>\n\n\n\n<p>Improvisation V<\/p>\n\n\n\n<h2 class=\"wp-block-heading has-text-align-center\"><strong>Ensemble Amarilia<\/strong><\/h2>\n\n\n\n<h6 class=\"wp-block-heading\">Abbaye de la Pierre-qui-Vire jeudi 1e ao\u00fbt 16h<\/h6>\n\n\n\n<p><strong>Sofie Garcia<\/strong>&nbsp; &#8211;&nbsp; soprano, Magali Marie&nbsp; &#8211;&nbsp; traverso, Marguerite Dehors&nbsp; &#8211;&nbsp; violon,<br>Marianne Salmon&nbsp; &#8211;&nbsp; th\u00e9orbe, Patrice Br\u00e9fort&nbsp; &#8211;&nbsp;&nbsp; orgue. <\/p>\n\n\n\n<p><strong>Andr\u00e9 CAMPRA (1660-1744)<br><\/strong>Motet \u201cEcce Quam Bonum\u201d \u00e0 voix seule, deux dessus et continuo<br>Motet \u201cLaudate Dominum\u201d \u00e0 voix seule et deux dessus et continuo<\/p>\n\n\n\n<p><strong>Jean-Marie LECLAIR (1697-1764)<\/strong><\/p>\n\n\n\n<p>Forlane et Chaconne, extrait de la <em>Deuxi\u00e8me r\u00e9cr\u00e9ation<\/em><\/p>\n\n\n\n<p><strong>Michel PIGNOLET DE MONTECLAIR (1667-1737)<br><\/strong>Cantate \u201cLa mort de Didon\u201d pour soprano, deux dessus et continuo<\/p>\n\n\n\n<p>Extraits de la Suite du deuxi\u00e8me\u00a0ton de <strong>Louis-Nicolas Cl\u00e9rambault (1676-1749)<\/strong>:<br>&#8211; Plein-jeu<br>&#8211; Basse de cromorne<br>&#8211; Fl\u00fbtes<br>&#8211; R\u00e9cit de Nazard<br>&#8211; Caprice sur les grands jeux<\/p>\n\n\n\n<h2 class=\"wp-block-heading has-text-align-center\"><strong>Joseph et Thaddeus Andr\u00e9<\/strong><\/h2>\n\n\n\n<h6 class=\"wp-block-heading\">\u00c9glise Saint-L\u00e9ger-Vauban, samedi 3 ao\u00fbt 15h30<\/h6>\n\n\n\n<p>Violon, violoncelle. <\/p>\n\n\n\n<p><strong>Johann Sebastian Bach,<\/strong> sonate pour violon no1 BWV 1001<\/p>\n\n\n\n<p><strong>Johann Sebastian Bach,<\/strong> Suite no. 2 BWV 1008 pour violoncelle<\/p>\n\n\n\n<p><strong>Eug\u00e8ne Auguste<\/strong> <strong>Ysa\u00ffe<\/strong>, sonate pour violon op.27, no 3<\/p>\n\n\n\n<p><strong>Wolfgang Amadeus Mozart<\/strong>, Duo KV 423 pour violon et alto (Transcription pour violon et violoncelle) : Allegro. Adagio. Rondeau.<br><br><strong>Ludwig van Beethoven<\/strong>, Duo pour clarinette et basson WoO.27, no.1 en do majeur (Transcription pour violon et violoncelle) : Allegro comodo. Larghetto sostenuto. Rondo &#8211; Allegretto<\/p>\n\n\n\n<p><\/p>\n","protected":false},"excerpt":{"rendered":"<p>Barocco\u2026 ma non troppo Tous les concerts se d\u00e9roulent dans la commune de Saint L\u00e9ger Vauban \u00e0 l\u2019\u00e9glise du village \u00e0 l\u2019exception [&hellip;]<\/p>\n","protected":false},"author":1,"featured_media":0,"parent":0,"menu_order":0,"comment_status":"closed","ping_status":"closed","template":"","meta":{"footnotes":""},"class_list":["post-686","page","type-page","status-publish","hentry"],"_links":{"self":[{"href":"https:\/\/mslv.org\/index.php\/wp-json\/wp\/v2\/pages\/686","targetHints":{"allow":["GET"]}}],"collection":[{"href":"https:\/\/mslv.org\/index.php\/wp-json\/wp\/v2\/pages"}],"about":[{"href":"https:\/\/mslv.org\/index.php\/wp-json\/wp\/v2\/types\/page"}],"author":[{"embeddable":true,"href":"https:\/\/mslv.org\/index.php\/wp-json\/wp\/v2\/users\/1"}],"replies":[{"embeddable":true,"href":"https:\/\/mslv.org\/index.php\/wp-json\/wp\/v2\/comments?post=686"}],"version-history":[{"count":7,"href":"https:\/\/mslv.org\/index.php\/wp-json\/wp\/v2\/pages\/686\/revisions"}],"predecessor-version":[{"id":713,"href":"https:\/\/mslv.org\/index.php\/wp-json\/wp\/v2\/pages\/686\/revisions\/713"}],"wp:attachment":[{"href":"https:\/\/mslv.org\/index.php\/wp-json\/wp\/v2\/media?parent=686"}],"curies":[{"name":"wp","href":"https:\/\/api.w.org\/{rel}","templated":true}]}}