{"id":599,"date":"2023-06-03T22:23:46","date_gmt":"2023-06-03T20:23:46","guid":{"rendered":"https:\/\/mslv.org\/?page_id=599"},"modified":"2023-06-06T15:42:58","modified_gmt":"2023-06-06T13:42:58","slug":"logement","status":"publish","type":"page","link":"https:\/\/mslv.org\/index.php\/logement\/","title":{"rendered":"Logement"},"content":{"rendered":"\n<h3 class=\"wp-block-heading\">G\u00eete rural \u00e0 Corvignot<\/h3>\n\n\n\n<p>C\u2019est un logement paisible qui offre un s\u00e9jour d\u00e9tente pour toute la famille ou les copains en toute saison (il a un chauffage central). Il dispose de tout l\u2019\u00e9quipement pour faire la bonne cuisine (casseroles, po\u00eales, cocotte en fonte, robot, mini mix, moulinet, couteau \u00e9lectrique, un mini barbecue, un ensemble pour la raclette), une cafeti\u00e8re \u00e0 filtre, un lave-vaisselle et un lave-linge, un frigo avec un cong\u00e9lateur, une cuisini\u00e8re \u00e0 induction et un four. L\u2019eau chaude vient d\u2019un ballon de 150 litres.<\/p>\n\n\n\n<p>Situ\u00e9 dans un hameau \u00e0 1,5 km du village, lieu de naissance du mar\u00e9chal Vauban il est proche de lieux de loisir comme les lacs de Saint Agnan et de Crescent qui sont \u00e0 moins de 15 minutes de voiture. Les villes d&rsquo;Avallon et de Saulieu ainsi que V\u00e9zelay sont \u00e0 moins d&rsquo;une demi-heure.<\/p>\n\n\n\n<p>Vous trouverez de quoi vous approvisionner soit \u00e0 la Barboulotte (\u00e9picerie, bar, restaurant, bureau postal du village) soit \u00e0 Quarr\u00e9-les-Tombes \u00e0 6 km (superette ouverte tous les jours de 8h \u00e0 20h, deux chocolatiers, deux boucheries, march\u00e9 hebdomadaire le dimanche).<\/p>\n\n\n\n<p>Les chemins de randonn\u00e9e dont celui de Saint Jacques de Compostelle sont nombreux ainsi que les pistes de VTT. Il dispose d&rsquo;un jardin ombrag\u00e9 et d\u2019un parking priv\u00e9.<\/p>\n\n\n\n<p>N\u2019h\u00e9sitez pas \u00e0 contacter le pr\u00e9sident de l\u2019association par mail ou par t\u00e9l\u00e9phone.<\/p>\n\n\n\n<figure class=\"wp-block-gallery has-nested-images columns-default is-cropped wp-block-gallery-1 is-layout-flex wp-block-gallery-is-layout-flex\">\n<figure class=\"wp-block-image size-large\"><img loading=\"lazy\" decoding=\"async\" width=\"1024\" height=\"768\" data-id=\"600\" src=\"https:\/\/mslv.org\/wp-content\/uploads\/2023\/06\/WhatsApp-Image-2023-06-01-at-07.18.30-1024x768.jpeg\" alt=\"\" class=\"wp-image-600\" srcset=\"https:\/\/mslv.org\/wp-content\/uploads\/2023\/06\/WhatsApp-Image-2023-06-01-at-07.18.30-1024x768.jpeg 1024w, https:\/\/mslv.org\/wp-content\/uploads\/2023\/06\/WhatsApp-Image-2023-06-01-at-07.18.30-300x225.jpeg 300w, https:\/\/mslv.org\/wp-content\/uploads\/2023\/06\/WhatsApp-Image-2023-06-01-at-07.18.30-768x576.jpeg 768w, https:\/\/mslv.org\/wp-content\/uploads\/2023\/06\/WhatsApp-Image-2023-06-01-at-07.18.30-1536x1152.jpeg 1536w, https:\/\/mslv.org\/wp-content\/uploads\/2023\/06\/WhatsApp-Image-2023-06-01-at-07.18.30-1000x750.jpeg 1000w, https:\/\/mslv.org\/wp-content\/uploads\/2023\/06\/WhatsApp-Image-2023-06-01-at-07.18.30-230x173.jpeg 230w, https:\/\/mslv.org\/wp-content\/uploads\/2023\/06\/WhatsApp-Image-2023-06-01-at-07.18.30-350x263.jpeg 350w, https:\/\/mslv.org\/wp-content\/uploads\/2023\/06\/WhatsApp-Image-2023-06-01-at-07.18.30-480x360.jpeg 480w, https:\/\/mslv.org\/wp-content\/uploads\/2023\/06\/WhatsApp-Image-2023-06-01-at-07.18.30.jpeg 1600w\" sizes=\"auto, (max-width: 1024px) 100vw, 1024px\" \/><\/figure>\n\n\n\n<figure class=\"wp-block-image size-large\"><img loading=\"lazy\" decoding=\"async\" width=\"1024\" height=\"768\" data-id=\"601\" src=\"https:\/\/mslv.org\/wp-content\/uploads\/2023\/06\/WhatsApp-Image-2023-06-01-at-07.19.35-1024x768.jpeg\" alt=\"\" class=\"wp-image-601\" srcset=\"https:\/\/mslv.org\/wp-content\/uploads\/2023\/06\/WhatsApp-Image-2023-06-01-at-07.19.35-1024x768.jpeg 1024w, https:\/\/mslv.org\/wp-content\/uploads\/2023\/06\/WhatsApp-Image-2023-06-01-at-07.19.35-300x225.jpeg 300w, https:\/\/mslv.org\/wp-content\/uploads\/2023\/06\/WhatsApp-Image-2023-06-01-at-07.19.35-768x576.jpeg 768w, https:\/\/mslv.org\/wp-content\/uploads\/2023\/06\/WhatsApp-Image-2023-06-01-at-07.19.35-1536x1152.jpeg 1536w, https:\/\/mslv.org\/wp-content\/uploads\/2023\/06\/WhatsApp-Image-2023-06-01-at-07.19.35-1000x750.jpeg 1000w, https:\/\/mslv.org\/wp-content\/uploads\/2023\/06\/WhatsApp-Image-2023-06-01-at-07.19.35-230x173.jpeg 230w, https:\/\/mslv.org\/wp-content\/uploads\/2023\/06\/WhatsApp-Image-2023-06-01-at-07.19.35-350x263.jpeg 350w, https:\/\/mslv.org\/wp-content\/uploads\/2023\/06\/WhatsApp-Image-2023-06-01-at-07.19.35-480x360.jpeg 480w, https:\/\/mslv.org\/wp-content\/uploads\/2023\/06\/WhatsApp-Image-2023-06-01-at-07.19.35.jpeg 2048w\" sizes=\"auto, (max-width: 1024px) 100vw, 1024px\" \/><\/figure>\n\n\n\n<figure class=\"wp-block-image size-large\"><img loading=\"lazy\" decoding=\"async\" width=\"768\" height=\"1024\" data-id=\"605\" src=\"https:\/\/mslv.org\/wp-content\/uploads\/2023\/06\/WhatsApp-Image-2023-06-01-at-07.19.36-768x1024.jpeg\" alt=\"\" class=\"wp-image-605\" srcset=\"https:\/\/mslv.org\/wp-content\/uploads\/2023\/06\/WhatsApp-Image-2023-06-01-at-07.19.36-768x1024.jpeg 768w, https:\/\/mslv.org\/wp-content\/uploads\/2023\/06\/WhatsApp-Image-2023-06-01-at-07.19.36-225x300.jpeg 225w, https:\/\/mslv.org\/wp-content\/uploads\/2023\/06\/WhatsApp-Image-2023-06-01-at-07.19.36-1152x1536.jpeg 1152w, https:\/\/mslv.org\/wp-content\/uploads\/2023\/06\/WhatsApp-Image-2023-06-01-at-07.19.36-1000x1333.jpeg 1000w, https:\/\/mslv.org\/wp-content\/uploads\/2023\/06\/WhatsApp-Image-2023-06-01-at-07.19.36-230x307.jpeg 230w, https:\/\/mslv.org\/wp-content\/uploads\/2023\/06\/WhatsApp-Image-2023-06-01-at-07.19.36-350x467.jpeg 350w, https:\/\/mslv.org\/wp-content\/uploads\/2023\/06\/WhatsApp-Image-2023-06-01-at-07.19.36-480x640.jpeg 480w, https:\/\/mslv.org\/wp-content\/uploads\/2023\/06\/WhatsApp-Image-2023-06-01-at-07.19.36.jpeg 1536w\" sizes=\"auto, (max-width: 768px) 100vw, 768px\" \/><\/figure>\n\n\n\n<figure class=\"wp-block-image size-large\"><img loading=\"lazy\" decoding=\"async\" width=\"1024\" height=\"768\" data-id=\"630\" src=\"https:\/\/mslv.org\/wp-content\/uploads\/2023\/06\/WhatsApp-Image-2023-06-05-at-13.27.16-1024x768.jpeg\" alt=\"\" class=\"wp-image-630\" srcset=\"https:\/\/mslv.org\/wp-content\/uploads\/2023\/06\/WhatsApp-Image-2023-06-05-at-13.27.16-1024x768.jpeg 1024w, https:\/\/mslv.org\/wp-content\/uploads\/2023\/06\/WhatsApp-Image-2023-06-05-at-13.27.16-300x225.jpeg 300w, https:\/\/mslv.org\/wp-content\/uploads\/2023\/06\/WhatsApp-Image-2023-06-05-at-13.27.16-768x576.jpeg 768w, https:\/\/mslv.org\/wp-content\/uploads\/2023\/06\/WhatsApp-Image-2023-06-05-at-13.27.16-1536x1153.jpeg 1536w, https:\/\/mslv.org\/wp-content\/uploads\/2023\/06\/WhatsApp-Image-2023-06-05-at-13.27.16-1000x750.jpeg 1000w, https:\/\/mslv.org\/wp-content\/uploads\/2023\/06\/WhatsApp-Image-2023-06-05-at-13.27.16-230x173.jpeg 230w, https:\/\/mslv.org\/wp-content\/uploads\/2023\/06\/WhatsApp-Image-2023-06-05-at-13.27.16-350x263.jpeg 350w, https:\/\/mslv.org\/wp-content\/uploads\/2023\/06\/WhatsApp-Image-2023-06-05-at-13.27.16-480x360.jpeg 480w, https:\/\/mslv.org\/wp-content\/uploads\/2023\/06\/WhatsApp-Image-2023-06-05-at-13.27.16.jpeg 1599w\" sizes=\"auto, (max-width: 1024px) 100vw, 1024px\" \/><\/figure>\n\n\n\n<figure class=\"wp-block-image size-large\"><img loading=\"lazy\" decoding=\"async\" width=\"1024\" height=\"768\" data-id=\"626\" src=\"https:\/\/mslv.org\/wp-content\/uploads\/2023\/06\/WhatsApp-Image-2023-06-04-at-10.30.27-1024x768.jpeg\" alt=\"\" class=\"wp-image-626\" srcset=\"https:\/\/mslv.org\/wp-content\/uploads\/2023\/06\/WhatsApp-Image-2023-06-04-at-10.30.27-1024x768.jpeg 1024w, https:\/\/mslv.org\/wp-content\/uploads\/2023\/06\/WhatsApp-Image-2023-06-04-at-10.30.27-300x225.jpeg 300w, https:\/\/mslv.org\/wp-content\/uploads\/2023\/06\/WhatsApp-Image-2023-06-04-at-10.30.27-768x576.jpeg 768w, https:\/\/mslv.org\/wp-content\/uploads\/2023\/06\/WhatsApp-Image-2023-06-04-at-10.30.27-1536x1152.jpeg 1536w, https:\/\/mslv.org\/wp-content\/uploads\/2023\/06\/WhatsApp-Image-2023-06-04-at-10.30.27-1000x750.jpeg 1000w, https:\/\/mslv.org\/wp-content\/uploads\/2023\/06\/WhatsApp-Image-2023-06-04-at-10.30.27-230x173.jpeg 230w, https:\/\/mslv.org\/wp-content\/uploads\/2023\/06\/WhatsApp-Image-2023-06-04-at-10.30.27-350x263.jpeg 350w, https:\/\/mslv.org\/wp-content\/uploads\/2023\/06\/WhatsApp-Image-2023-06-04-at-10.30.27-480x360.jpeg 480w, https:\/\/mslv.org\/wp-content\/uploads\/2023\/06\/WhatsApp-Image-2023-06-04-at-10.30.27.jpeg 1600w\" sizes=\"auto, (max-width: 1024px) 100vw, 1024px\" \/><\/figure>\n\n\n\n<figure class=\"wp-block-image size-large\"><img loading=\"lazy\" decoding=\"async\" width=\"768\" height=\"1024\" data-id=\"602\" src=\"https:\/\/mslv.org\/wp-content\/uploads\/2023\/06\/WhatsApp-Image-2023-06-01-at-07.19.361-768x1024.jpeg\" alt=\"\" class=\"wp-image-602\" srcset=\"https:\/\/mslv.org\/wp-content\/uploads\/2023\/06\/WhatsApp-Image-2023-06-01-at-07.19.361-768x1024.jpeg 768w, https:\/\/mslv.org\/wp-content\/uploads\/2023\/06\/WhatsApp-Image-2023-06-01-at-07.19.361-225x300.jpeg 225w, https:\/\/mslv.org\/wp-content\/uploads\/2023\/06\/WhatsApp-Image-2023-06-01-at-07.19.361-1152x1536.jpeg 1152w, https:\/\/mslv.org\/wp-content\/uploads\/2023\/06\/WhatsApp-Image-2023-06-01-at-07.19.361-1000x1333.jpeg 1000w, https:\/\/mslv.org\/wp-content\/uploads\/2023\/06\/WhatsApp-Image-2023-06-01-at-07.19.361-230x307.jpeg 230w, https:\/\/mslv.org\/wp-content\/uploads\/2023\/06\/WhatsApp-Image-2023-06-01-at-07.19.361-350x467.jpeg 350w, https:\/\/mslv.org\/wp-content\/uploads\/2023\/06\/WhatsApp-Image-2023-06-01-at-07.19.361-480x640.jpeg 480w, https:\/\/mslv.org\/wp-content\/uploads\/2023\/06\/WhatsApp-Image-2023-06-01-at-07.19.361.jpeg 1536w\" sizes=\"auto, (max-width: 768px) 100vw, 768px\" \/><\/figure>\n\n\n\n<figure class=\"wp-block-image size-large\"><img loading=\"lazy\" decoding=\"async\" width=\"1024\" height=\"768\" data-id=\"604\" src=\"https:\/\/mslv.org\/wp-content\/uploads\/2023\/06\/WhatsApp-Image-2023-06-01-at-07.19.363-1024x768.jpeg\" alt=\"\" class=\"wp-image-604\" srcset=\"https:\/\/mslv.org\/wp-content\/uploads\/2023\/06\/WhatsApp-Image-2023-06-01-at-07.19.363-1024x768.jpeg 1024w, https:\/\/mslv.org\/wp-content\/uploads\/2023\/06\/WhatsApp-Image-2023-06-01-at-07.19.363-300x225.jpeg 300w, https:\/\/mslv.org\/wp-content\/uploads\/2023\/06\/WhatsApp-Image-2023-06-01-at-07.19.363-768x576.jpeg 768w, https:\/\/mslv.org\/wp-content\/uploads\/2023\/06\/WhatsApp-Image-2023-06-01-at-07.19.363-1536x1153.jpeg 1536w, https:\/\/mslv.org\/wp-content\/uploads\/2023\/06\/WhatsApp-Image-2023-06-01-at-07.19.363-1000x750.jpeg 1000w, https:\/\/mslv.org\/wp-content\/uploads\/2023\/06\/WhatsApp-Image-2023-06-01-at-07.19.363-230x173.jpeg 230w, https:\/\/mslv.org\/wp-content\/uploads\/2023\/06\/WhatsApp-Image-2023-06-01-at-07.19.363-350x263.jpeg 350w, https:\/\/mslv.org\/wp-content\/uploads\/2023\/06\/WhatsApp-Image-2023-06-01-at-07.19.363-480x360.jpeg 480w, https:\/\/mslv.org\/wp-content\/uploads\/2023\/06\/WhatsApp-Image-2023-06-01-at-07.19.363.jpeg 1599w\" sizes=\"auto, (max-width: 1024px) 100vw, 1024px\" \/><\/figure>\n\n\n\n<figure class=\"wp-block-image size-large\"><img loading=\"lazy\" decoding=\"async\" width=\"1024\" height=\"768\" data-id=\"609\" src=\"https:\/\/mslv.org\/wp-content\/uploads\/2023\/06\/WhatsApp-Image-2023-06-01-at-07.19.37-1024x768.jpeg\" alt=\"\" class=\"wp-image-609\" srcset=\"https:\/\/mslv.org\/wp-content\/uploads\/2023\/06\/WhatsApp-Image-2023-06-01-at-07.19.37-1024x768.jpeg 1024w, https:\/\/mslv.org\/wp-content\/uploads\/2023\/06\/WhatsApp-Image-2023-06-01-at-07.19.37-300x225.jpeg 300w, https:\/\/mslv.org\/wp-content\/uploads\/2023\/06\/WhatsApp-Image-2023-06-01-at-07.19.37-768x576.jpeg 768w, https:\/\/mslv.org\/wp-content\/uploads\/2023\/06\/WhatsApp-Image-2023-06-01-at-07.19.37-1536x1153.jpeg 1536w, https:\/\/mslv.org\/wp-content\/uploads\/2023\/06\/WhatsApp-Image-2023-06-01-at-07.19.37-1000x750.jpeg 1000w, https:\/\/mslv.org\/wp-content\/uploads\/2023\/06\/WhatsApp-Image-2023-06-01-at-07.19.37-230x173.jpeg 230w, https:\/\/mslv.org\/wp-content\/uploads\/2023\/06\/WhatsApp-Image-2023-06-01-at-07.19.37-350x263.jpeg 350w, https:\/\/mslv.org\/wp-content\/uploads\/2023\/06\/WhatsApp-Image-2023-06-01-at-07.19.37-480x360.jpeg 480w, https:\/\/mslv.org\/wp-content\/uploads\/2023\/06\/WhatsApp-Image-2023-06-01-at-07.19.37.jpeg 1599w\" sizes=\"auto, (max-width: 1024px) 100vw, 1024px\" \/><\/figure>\n\n\n\n<figure class=\"wp-block-image size-large\"><img loading=\"lazy\" decoding=\"async\" width=\"1024\" height=\"768\" data-id=\"607\" src=\"https:\/\/mslv.org\/wp-content\/uploads\/2023\/06\/WhatsApp-Image-2023-06-01-at-07.19.372-1024x768.jpeg\" alt=\"\" class=\"wp-image-607\" srcset=\"https:\/\/mslv.org\/wp-content\/uploads\/2023\/06\/WhatsApp-Image-2023-06-01-at-07.19.372-1024x768.jpeg 1024w, https:\/\/mslv.org\/wp-content\/uploads\/2023\/06\/WhatsApp-Image-2023-06-01-at-07.19.372-300x225.jpeg 300w, https:\/\/mslv.org\/wp-content\/uploads\/2023\/06\/WhatsApp-Image-2023-06-01-at-07.19.372-768x576.jpeg 768w, https:\/\/mslv.org\/wp-content\/uploads\/2023\/06\/WhatsApp-Image-2023-06-01-at-07.19.372-1536x1153.jpeg 1536w, https:\/\/mslv.org\/wp-content\/uploads\/2023\/06\/WhatsApp-Image-2023-06-01-at-07.19.372-1000x750.jpeg 1000w, https:\/\/mslv.org\/wp-content\/uploads\/2023\/06\/WhatsApp-Image-2023-06-01-at-07.19.372-230x173.jpeg 230w, https:\/\/mslv.org\/wp-content\/uploads\/2023\/06\/WhatsApp-Image-2023-06-01-at-07.19.372-350x263.jpeg 350w, https:\/\/mslv.org\/wp-content\/uploads\/2023\/06\/WhatsApp-Image-2023-06-01-at-07.19.372-480x360.jpeg 480w, https:\/\/mslv.org\/wp-content\/uploads\/2023\/06\/WhatsApp-Image-2023-06-01-at-07.19.372.jpeg 1599w\" sizes=\"auto, (max-width: 1024px) 100vw, 1024px\" \/><\/figure>\n\n\n\n<figure class=\"wp-block-image size-large\"><img loading=\"lazy\" decoding=\"async\" width=\"1024\" height=\"768\" data-id=\"606\" src=\"https:\/\/mslv.org\/wp-content\/uploads\/2023\/06\/WhatsApp-Image-2023-06-01-at-07.19.371-1024x768.jpeg\" alt=\"\" class=\"wp-image-606\" srcset=\"https:\/\/mslv.org\/wp-content\/uploads\/2023\/06\/WhatsApp-Image-2023-06-01-at-07.19.371-1024x768.jpeg 1024w, https:\/\/mslv.org\/wp-content\/uploads\/2023\/06\/WhatsApp-Image-2023-06-01-at-07.19.371-300x225.jpeg 300w, https:\/\/mslv.org\/wp-content\/uploads\/2023\/06\/WhatsApp-Image-2023-06-01-at-07.19.371-768x576.jpeg 768w, https:\/\/mslv.org\/wp-content\/uploads\/2023\/06\/WhatsApp-Image-2023-06-01-at-07.19.371-1536x1153.jpeg 1536w, https:\/\/mslv.org\/wp-content\/uploads\/2023\/06\/WhatsApp-Image-2023-06-01-at-07.19.371-1000x750.jpeg 1000w, https:\/\/mslv.org\/wp-content\/uploads\/2023\/06\/WhatsApp-Image-2023-06-01-at-07.19.371-230x173.jpeg 230w, https:\/\/mslv.org\/wp-content\/uploads\/2023\/06\/WhatsApp-Image-2023-06-01-at-07.19.371-350x263.jpeg 350w, https:\/\/mslv.org\/wp-content\/uploads\/2023\/06\/WhatsApp-Image-2023-06-01-at-07.19.371-480x360.jpeg 480w, https:\/\/mslv.org\/wp-content\/uploads\/2023\/06\/WhatsApp-Image-2023-06-01-at-07.19.371.jpeg 1599w\" sizes=\"auto, (max-width: 1024px) 100vw, 1024px\" \/><\/figure>\n\n\n\n<figure class=\"wp-block-image size-large\"><img loading=\"lazy\" decoding=\"async\" width=\"1024\" height=\"768\" data-id=\"608\" src=\"https:\/\/mslv.org\/wp-content\/uploads\/2023\/06\/WhatsApp-Image-2023-06-01-at-07.19.373-1024x768.jpeg\" alt=\"\" class=\"wp-image-608\" srcset=\"https:\/\/mslv.org\/wp-content\/uploads\/2023\/06\/WhatsApp-Image-2023-06-01-at-07.19.373-1024x768.jpeg 1024w, https:\/\/mslv.org\/wp-content\/uploads\/2023\/06\/WhatsApp-Image-2023-06-01-at-07.19.373-300x225.jpeg 300w, https:\/\/mslv.org\/wp-content\/uploads\/2023\/06\/WhatsApp-Image-2023-06-01-at-07.19.373-768x576.jpeg 768w, https:\/\/mslv.org\/wp-content\/uploads\/2023\/06\/WhatsApp-Image-2023-06-01-at-07.19.373-1536x1153.jpeg 1536w, https:\/\/mslv.org\/wp-content\/uploads\/2023\/06\/WhatsApp-Image-2023-06-01-at-07.19.373-1000x750.jpeg 1000w, https:\/\/mslv.org\/wp-content\/uploads\/2023\/06\/WhatsApp-Image-2023-06-01-at-07.19.373-230x173.jpeg 230w, https:\/\/mslv.org\/wp-content\/uploads\/2023\/06\/WhatsApp-Image-2023-06-01-at-07.19.373-350x263.jpeg 350w, https:\/\/mslv.org\/wp-content\/uploads\/2023\/06\/WhatsApp-Image-2023-06-01-at-07.19.373-480x360.jpeg 480w, https:\/\/mslv.org\/wp-content\/uploads\/2023\/06\/WhatsApp-Image-2023-06-01-at-07.19.373.jpeg 1599w\" sizes=\"auto, (max-width: 1024px) 100vw, 1024px\" \/><\/figure>\n\n\n\n<figure class=\"wp-block-image size-large\"><img loading=\"lazy\" decoding=\"async\" width=\"768\" height=\"1024\" data-id=\"610\" src=\"https:\/\/mslv.org\/wp-content\/uploads\/2023\/06\/WhatsApp-Image-2023-06-01-at-07.19.52-768x1024.jpeg\" alt=\"\" class=\"wp-image-610\" srcset=\"https:\/\/mslv.org\/wp-content\/uploads\/2023\/06\/WhatsApp-Image-2023-06-01-at-07.19.52-768x1024.jpeg 768w, https:\/\/mslv.org\/wp-content\/uploads\/2023\/06\/WhatsApp-Image-2023-06-01-at-07.19.52-225x300.jpeg 225w, https:\/\/mslv.org\/wp-content\/uploads\/2023\/06\/WhatsApp-Image-2023-06-01-at-07.19.52-1152x1536.jpeg 1152w, https:\/\/mslv.org\/wp-content\/uploads\/2023\/06\/WhatsApp-Image-2023-06-01-at-07.19.52-1000x1333.jpeg 1000w, https:\/\/mslv.org\/wp-content\/uploads\/2023\/06\/WhatsApp-Image-2023-06-01-at-07.19.52-230x307.jpeg 230w, https:\/\/mslv.org\/wp-content\/uploads\/2023\/06\/WhatsApp-Image-2023-06-01-at-07.19.52-350x467.jpeg 350w, https:\/\/mslv.org\/wp-content\/uploads\/2023\/06\/WhatsApp-Image-2023-06-01-at-07.19.52-480x640.jpeg 480w, https:\/\/mslv.org\/wp-content\/uploads\/2023\/06\/WhatsApp-Image-2023-06-01-at-07.19.52.jpeg 1536w\" sizes=\"auto, (max-width: 768px) 100vw, 768px\" \/><\/figure>\n<\/figure>\n\n\n\n<h3 class=\"wp-block-heading\">La r\u00e9gion du Morvan<\/h3>\n\n\n\n<p>C&rsquo;est une belle r\u00e9gion peu connue de touristes alorsqu\u2019elle n\u2019est qu\u2019\u00e0 2 heures de voiture par l\u2019autoroute du soleil et 1h de TGV en partant de Paris o\u00f9 il y a de quoi faire pour combler vos int\u00e9r\u00eats culturels et gastronomiques.<\/p>\n\n\n\n<p>&#8211; V\u00e9zelay &nbsp;( <a href=\"https:\/\/www.les-plus-beaux-villages-de-france.org\/fr\/nos-villages\/vezelay\/\">https:\/\/www.les-plus-beaux-villages-de-france.org\/fr\/nos-villages\/vezelay\/<\/a> ), Avallon (<a href=\"https:\/\/www.plusbeauxdetours.com\/tous-les-plus-beaux-detours\/detour-par-avallon-dans-lyonne\/\">https:\/\/www.plusbeauxdetours.com\/tous-les-plus-beaux-detours\/detour-par-avallon-dans-lyonne\/<\/a> ), Saulieu ( <a href=\"https:\/\/saulieu.fr\/#intro\">https:\/\/saulieu.fr\/#intro<\/a> &nbsp;) avec leur march\u00e9 hebdomadaire le samedi, Epoisses, Montr\u00e9al, Noyers, Semur en Auxois, &nbsp;Montbard &nbsp;( <a href=\"https:\/\/www.bourgogne-tourisme.com\/sit\/ville-de-montbard-3\">https:\/\/www.bourgogne-tourisme.com\/sit\/ville-de-montbard-3<\/a> ), abbaye de&nbsp;&nbsp; Fontenay ( <a href=\"https:\/\/www.abbayedefontenay.com\/\">https:\/\/www.abbayedefontenay.com\/<\/a> ).<\/p>\n\n\n\n<p>&#8211; De la charolaise, des fromages et des vins (C\u00f4tes d&rsquo;Auxxerre et V\u00e9zelay), produits bio de la ferme                       ( <a href=\"https:\/\/www.bienvenue-a-la-ferme.com\/bourgognefranchecomte\/yonne\/st-leger-vauban\/ferme\/ferme-de-l-abbaye-de-la-pierre-qui-vire\/548458\">https:\/\/www.bienvenue-a-la-ferme.com\/bourgognefranchecomte\/yonne\/st-leger-vauban\/ferme\/ferme-de-l-abbaye-de-la-pierre-qui-vire\/548458<\/a> ).&nbsp;&nbsp;&nbsp;&nbsp;&nbsp;&nbsp;&nbsp;&nbsp;<\/p>\n\n\n\n<p>&#8211; Randonn\u00e9es \u00e0 pied et en VTT, descente de la Cure en cano\u00eb ( <a href=\"https:\/\/www.manawa.com\/fr-FR\/activite\/france\/auxerre\/canoe-kayak\/location-de-canoe-sur-la-cure-depuis-saint-pere\/7469\">https:\/\/www.manawa.com\/fr-FR\/activite\/france\/auxerre\/canoe-kayak\/location-de-canoe-sur-la-cure-depuis-saint-pere\/7469<\/a> ), lacs de Saint Agan, de Crescent et de Chaume\u00e7on (on y p\u00eache de la truite).<\/p>\n\n\n\n<p>La commune fait partie du parc r\u00e9gional: <a href=\"https:\/\/www.parcdumorvan.org\/\">https:\/\/www.parcdumorvan.org\/<\/a> . Le village poss\u00e8de un petit mus\u00e9e consacr\u00e9 au fils du pays, mar\u00e9chal Vauban ( <a href=\"https:\/\/www.bourgogne-tourisme.com\/musees\/musee-vauban-3\">https:\/\/www.bourgogne-tourisme.com\/musees\/musee-vauban-3<\/a> ).<\/p>\n\n\n\n<figure class=\"wp-block-gallery has-nested-images columns-default is-cropped wp-block-gallery-2 is-layout-flex wp-block-gallery-is-layout-flex\">\n<figure class=\"wp-block-image size-large\"><img loading=\"lazy\" decoding=\"async\" width=\"1024\" height=\"768\" data-id=\"612\" src=\"https:\/\/mslv.org\/wp-content\/uploads\/2023\/06\/WhatsApp-Image-2023-06-01-at-07.21.15-1024x768.jpeg\" alt=\"\" class=\"wp-image-612\" srcset=\"https:\/\/mslv.org\/wp-content\/uploads\/2023\/06\/WhatsApp-Image-2023-06-01-at-07.21.15-1024x768.jpeg 1024w, https:\/\/mslv.org\/wp-content\/uploads\/2023\/06\/WhatsApp-Image-2023-06-01-at-07.21.15-300x225.jpeg 300w, https:\/\/mslv.org\/wp-content\/uploads\/2023\/06\/WhatsApp-Image-2023-06-01-at-07.21.15-768x576.jpeg 768w, https:\/\/mslv.org\/wp-content\/uploads\/2023\/06\/WhatsApp-Image-2023-06-01-at-07.21.15-1536x1152.jpeg 1536w, https:\/\/mslv.org\/wp-content\/uploads\/2023\/06\/WhatsApp-Image-2023-06-01-at-07.21.15-1000x750.jpeg 1000w, https:\/\/mslv.org\/wp-content\/uploads\/2023\/06\/WhatsApp-Image-2023-06-01-at-07.21.15-230x173.jpeg 230w, https:\/\/mslv.org\/wp-content\/uploads\/2023\/06\/WhatsApp-Image-2023-06-01-at-07.21.15-350x263.jpeg 350w, https:\/\/mslv.org\/wp-content\/uploads\/2023\/06\/WhatsApp-Image-2023-06-01-at-07.21.15-480x360.jpeg 480w, https:\/\/mslv.org\/wp-content\/uploads\/2023\/06\/WhatsApp-Image-2023-06-01-at-07.21.15.jpeg 1600w\" sizes=\"auto, (max-width: 1024px) 100vw, 1024px\" \/><\/figure>\n\n\n\n<figure class=\"wp-block-image size-large\"><img loading=\"lazy\" decoding=\"async\" width=\"1024\" height=\"768\" data-id=\"613\" src=\"https:\/\/mslv.org\/wp-content\/uploads\/2023\/06\/WhatsApp-Image-2023-06-01-at-07.22.03-1024x768.jpeg\" alt=\"\" class=\"wp-image-613\" srcset=\"https:\/\/mslv.org\/wp-content\/uploads\/2023\/06\/WhatsApp-Image-2023-06-01-at-07.22.03-1024x768.jpeg 1024w, https:\/\/mslv.org\/wp-content\/uploads\/2023\/06\/WhatsApp-Image-2023-06-01-at-07.22.03-300x225.jpeg 300w, https:\/\/mslv.org\/wp-content\/uploads\/2023\/06\/WhatsApp-Image-2023-06-01-at-07.22.03-768x576.jpeg 768w, https:\/\/mslv.org\/wp-content\/uploads\/2023\/06\/WhatsApp-Image-2023-06-01-at-07.22.03-1536x1152.jpeg 1536w, https:\/\/mslv.org\/wp-content\/uploads\/2023\/06\/WhatsApp-Image-2023-06-01-at-07.22.03-1000x750.jpeg 1000w, https:\/\/mslv.org\/wp-content\/uploads\/2023\/06\/WhatsApp-Image-2023-06-01-at-07.22.03-230x173.jpeg 230w, https:\/\/mslv.org\/wp-content\/uploads\/2023\/06\/WhatsApp-Image-2023-06-01-at-07.22.03-350x263.jpeg 350w, https:\/\/mslv.org\/wp-content\/uploads\/2023\/06\/WhatsApp-Image-2023-06-01-at-07.22.03-480x360.jpeg 480w, https:\/\/mslv.org\/wp-content\/uploads\/2023\/06\/WhatsApp-Image-2023-06-01-at-07.22.03.jpeg 1600w\" sizes=\"auto, (max-width: 1024px) 100vw, 1024px\" \/><\/figure>\n\n\n\n<figure class=\"wp-block-image size-large\"><img loading=\"lazy\" decoding=\"async\" width=\"1024\" height=\"768\" data-id=\"611\" src=\"https:\/\/mslv.org\/wp-content\/uploads\/2023\/06\/WhatsApp-Image-2023-06-01-at-07.20.43-1024x768.jpeg\" alt=\"\" class=\"wp-image-611\" srcset=\"https:\/\/mslv.org\/wp-content\/uploads\/2023\/06\/WhatsApp-Image-2023-06-01-at-07.20.43-1024x768.jpeg 1024w, https:\/\/mslv.org\/wp-content\/uploads\/2023\/06\/WhatsApp-Image-2023-06-01-at-07.20.43-300x225.jpeg 300w, https:\/\/mslv.org\/wp-content\/uploads\/2023\/06\/WhatsApp-Image-2023-06-01-at-07.20.43-768x576.jpeg 768w, https:\/\/mslv.org\/wp-content\/uploads\/2023\/06\/WhatsApp-Image-2023-06-01-at-07.20.43-1536x1152.jpeg 1536w, https:\/\/mslv.org\/wp-content\/uploads\/2023\/06\/WhatsApp-Image-2023-06-01-at-07.20.43-1000x750.jpeg 1000w, https:\/\/mslv.org\/wp-content\/uploads\/2023\/06\/WhatsApp-Image-2023-06-01-at-07.20.43-230x173.jpeg 230w, https:\/\/mslv.org\/wp-content\/uploads\/2023\/06\/WhatsApp-Image-2023-06-01-at-07.20.43-350x263.jpeg 350w, https:\/\/mslv.org\/wp-content\/uploads\/2023\/06\/WhatsApp-Image-2023-06-01-at-07.20.43-480x360.jpeg 480w, https:\/\/mslv.org\/wp-content\/uploads\/2023\/06\/WhatsApp-Image-2023-06-01-at-07.20.43.jpeg 1600w\" sizes=\"auto, (max-width: 1024px) 100vw, 1024px\" \/><\/figure>\n<\/figure>\n","protected":false},"excerpt":{"rendered":"<p>G\u00eete rural \u00e0 Corvignot C\u2019est un logement paisible qui offre un s\u00e9jour d\u00e9tente pour toute la famille ou les copains en toute [&hellip;]<\/p>\n","protected":false},"author":1,"featured_media":0,"parent":0,"menu_order":0,"comment_status":"closed","ping_status":"closed","template":"","meta":{"footnotes":""},"class_list":["post-599","page","type-page","status-publish","hentry"],"_links":{"self":[{"href":"https:\/\/mslv.org\/index.php\/wp-json\/wp\/v2\/pages\/599","targetHints":{"allow":["GET"]}}],"collection":[{"href":"https:\/\/mslv.org\/index.php\/wp-json\/wp\/v2\/pages"}],"about":[{"href":"https:\/\/mslv.org\/index.php\/wp-json\/wp\/v2\/types\/page"}],"author":[{"embeddable":true,"href":"https:\/\/mslv.org\/index.php\/wp-json\/wp\/v2\/users\/1"}],"replies":[{"embeddable":true,"href":"https:\/\/mslv.org\/index.php\/wp-json\/wp\/v2\/comments?post=599"}],"version-history":[{"count":7,"href":"https:\/\/mslv.org\/index.php\/wp-json\/wp\/v2\/pages\/599\/revisions"}],"predecessor-version":[{"id":632,"href":"https:\/\/mslv.org\/index.php\/wp-json\/wp\/v2\/pages\/599\/revisions\/632"}],"wp:attachment":[{"href":"https:\/\/mslv.org\/index.php\/wp-json\/wp\/v2\/media?parent=599"}],"curies":[{"name":"wp","href":"https:\/\/api.w.org\/{rel}","templated":true}]}}