{"id":531,"date":"2022-05-28T00:42:24","date_gmt":"2022-05-27T22:42:24","guid":{"rendered":"https:\/\/mslv.org\/?page_id=531"},"modified":"2023-02-21T16:17:02","modified_gmt":"2023-02-21T15:17:02","slug":"enregistrements-de-nos-concerts","status":"publish","type":"page","link":"https:\/\/mslv.org\/index.php\/enregistrements-de-nos-concerts\/","title":{"rendered":"Enregistrements de nos concerts"},"content":{"rendered":"\n<p>Saison 2022,  <strong>\u00ab\u00a0Musique au temps de Vauban<\/strong> <strong>\u00bb<\/strong>.<\/p>\n\n\n\n<p><strong>Quatuor Wassily<\/strong>, <strong>La R\u00eaveuse<\/strong>, <strong>Duo Smaragdi<\/strong>, <strong>Lionel Avot<\/strong>.<\/p>\n\n\n\n<figure class=\"wp-block-embed is-type-video is-provider-youtube wp-block-embed-youtube wp-embed-aspect-16-9 wp-has-aspect-ratio\"><div class=\"wp-block-embed__wrapper\">\n<iframe loading=\"lazy\" title=\"Concierto\" width=\"1170\" height=\"658\" src=\"https:\/\/www.youtube.com\/embed\/ihMxcrT1htE?feature=oembed\" frameborder=\"0\" allow=\"accelerometer; autoplay; clipboard-write; encrypted-media; gyroscope; picture-in-picture; web-share\" allowfullscreen><\/iframe>\n<\/div><\/figure>\n\n\n\n<p>Saison 2021, <strong>\u00ab\u00a0Echapp\u00e9es musicales dans l\u2019Yonne\u00a0\u00bb<\/strong>.<\/p>\n\n\n\n<figure class=\"wp-block-embed is-type-video is-provider-youtube wp-block-embed-youtube wp-embed-aspect-16-9 wp-has-aspect-ratio\"><div class=\"wp-block-embed__wrapper\">\n<iframe loading=\"lazy\" title=\"Echapp\u00e9es musicales dans l\u2019Yonne\" width=\"1170\" height=\"658\" src=\"https:\/\/www.youtube.com\/embed\/sWgxlxVvqnk?feature=oembed\" frameborder=\"0\" allow=\"accelerometer; autoplay; clipboard-write; encrypted-media; gyroscope; picture-in-picture; web-share\" allowfullscreen><\/iframe>\n<\/div><\/figure>\n\n\n\n<hr class=\"wp-block-separator has-css-opacity\"\/>\n\n\n\n<p>Bis du quatuor Yako, th\u00e8me folklorique danois <strong>\u00ab&nbsp;Shine you no more&nbsp;\u00bb<\/strong>.<\/p>\n\n\n\n<p>Shine you no more, compos\u00e9 par Rune Tonsgaard S\u00f8rensen, qui est un des violonistes du Danish String Quartet.<\/p>\n\n\n\n<figure class=\"wp-block-embed is-type-video is-provider-youtube wp-block-embed-youtube wp-embed-aspect-16-9 wp-has-aspect-ratio\"><div class=\"wp-block-embed__wrapper\">\n<iframe loading=\"lazy\" title=\"Shine you no more, compos\u00e9 par Rune Tonsgaard S\u00f8rensen, violoniste du Danish String Quartet. Part 1\" width=\"1170\" height=\"658\" src=\"https:\/\/www.youtube.com\/embed\/3h4LYXySzQI?feature=oembed\" frameborder=\"0\" allow=\"accelerometer; autoplay; clipboard-write; encrypted-media; gyroscope; picture-in-picture; web-share\" allowfullscreen><\/iframe>\n<\/div><\/figure>\n\n\n\n<figure class=\"wp-block-embed is-type-video is-provider-youtube wp-block-embed-youtube wp-embed-aspect-16-9 wp-has-aspect-ratio\"><div class=\"wp-block-embed__wrapper\">\n<iframe loading=\"lazy\" title=\"Shine you no more, compos\u00e9 par Rune Tonsgaard S\u00f8rensen, violoniste du Danish String Quartet. Part 2\" width=\"1170\" height=\"658\" src=\"https:\/\/www.youtube.com\/embed\/pmes8SfAEik?feature=oembed\" frameborder=\"0\" allow=\"accelerometer; autoplay; clipboard-write; encrypted-media; gyroscope; picture-in-picture; web-share\" allowfullscreen><\/iframe>\n<\/div><\/figure>\n\n\n\n<p>Histoire<\/p>\n\n\n\n<p>Un morceau \u00e9crit par Rune pour notre album Last Leaf. L\u2019inspiration est venue apr\u00e8s avoir \u00e9cout\u00e9 une chanson du compositeur anglais de la Renaissance John Downland intitul\u00e9e \u00ab&nbsp;Flow my Tears&nbsp;\u00bb. John Dowland \u00e9tait compositeur \u00e0 la cour danoise sous le roi Christian IV et dans cette chanson de 1596, il utilise une tr\u00e8s belle progression d\u2019accords qui est devenue la base de la partie C de Shine You No More. <\/p>\n","protected":false},"excerpt":{"rendered":"<p>Saison 2022, \u00ab\u00a0Musique au temps de Vauban \u00bb. Quatuor Wassily, La R\u00eaveuse, Duo Smaragdi, Lionel Avot. Saison 2021, \u00ab\u00a0Echapp\u00e9es musicales dans l\u2019Yonne\u00a0\u00bb. [&hellip;]<\/p>\n","protected":false},"author":1,"featured_media":0,"parent":0,"menu_order":0,"comment_status":"closed","ping_status":"closed","template":"","meta":{"footnotes":""},"class_list":["post-531","page","type-page","status-publish","hentry"],"_links":{"self":[{"href":"https:\/\/mslv.org\/index.php\/wp-json\/wp\/v2\/pages\/531","targetHints":{"allow":["GET"]}}],"collection":[{"href":"https:\/\/mslv.org\/index.php\/wp-json\/wp\/v2\/pages"}],"about":[{"href":"https:\/\/mslv.org\/index.php\/wp-json\/wp\/v2\/types\/page"}],"author":[{"embeddable":true,"href":"https:\/\/mslv.org\/index.php\/wp-json\/wp\/v2\/users\/1"}],"replies":[{"embeddable":true,"href":"https:\/\/mslv.org\/index.php\/wp-json\/wp\/v2\/comments?post=531"}],"version-history":[{"count":2,"href":"https:\/\/mslv.org\/index.php\/wp-json\/wp\/v2\/pages\/531\/revisions"}],"predecessor-version":[{"id":559,"href":"https:\/\/mslv.org\/index.php\/wp-json\/wp\/v2\/pages\/531\/revisions\/559"}],"wp:attachment":[{"href":"https:\/\/mslv.org\/index.php\/wp-json\/wp\/v2\/media?parent=531"}],"curies":[{"name":"wp","href":"https:\/\/api.w.org\/{rel}","templated":true}]}}